{"id":1203,"date":"2025-10-28T15:49:46","date_gmt":"2025-10-28T15:49:46","guid":{"rendered":"https:\/\/cutcontrol.hu\/?page_id=1203"},"modified":"2025-11-17T12:37:56","modified_gmt":"2025-11-17T12:37:56","slug":"gabor","status":"publish","type":"page","link":"https:\/\/cutcontrol.hu\/en\/gabor\/","title":{"rendered":"G\u00e1bor"},"content":{"rendered":"<div data-elementor-type=\"wp-page\" data-elementor-id=\"1203\" class=\"elementor elementor-1203\" data-elementor-post-type=\"page\">\n\t\t\t\t<div class=\"elementor-element elementor-element-3b095f2 e-con-full e-flex e-con e-child\" data-id=\"3b095f2\" data-element_type=\"container\" data-settings=\"{&quot;background_background&quot;:&quot;classic&quot;}\">\n\t\t<div class=\"elementor-element elementor-element-abb9964 e-con-full e-flex e-con e-child\" data-id=\"abb9964\" data-element_type=\"container\">\n\t\t\t\t<div class=\"elementor-element elementor-element-0389b92 elementor-invisible elementor-widget elementor-widget-heading\" data-id=\"0389b92\" data-element_type=\"widget\" data-settings=\"{&quot;_animation&quot;:&quot;fadeInLeft&quot;}\" data-widget_type=\"heading.default\">\n\t\t\t\t\t<h2 class=\"elementor-heading-title elementor-size-default\">G\u00c1BOR<\/h2>\t\t\t\t<\/div>\n\t\t\t\t<div class=\"elementor-element elementor-element-0e4b534 elementor-widget__width-initial elementor-invisible elementor-widget elementor-widget-text-editor\" data-id=\"0e4b534\" data-element_type=\"widget\" data-settings=\"{&quot;_animation&quot;:&quot;fadeInUp&quot;}\" data-widget_type=\"text-editor.default\">\n\t\t\t\t\t\t\t\t\t<p class=\"translation-block\">I\u2019ve been cutting hair for thirteen years \u2014 not out of routine, but out of passion. I spent years working in Austria, where I learned that precision and the guest experience go hand in hand. I love clean, defined lines and hairstyles with structure and character.<\/p><p>For me, it\u2019s not just about the haircut \u2014 it\u2019s about having a good conversation, good music, and a sense of flow. My goal is for every client to leave not only with a fresh look but with better energy.<\/p><p>At CUTCONTROL, every cut I make is a statement: precise, refined, masculine.<\/p>\t\t\t\t\t\t\t\t<\/div>\n\t\t\t\t<\/div>\n\t\t<div class=\"elementor-element elementor-element-18b7e2c e-con-full e-flex e-con e-child\" data-id=\"18b7e2c\" data-element_type=\"container\">\n\t\t\t\t<\/div>\n\t\t\t\t<\/div>\n\t\t<div class=\"elementor-element elementor-element-ef0e74c e-con-full e-flex e-con e-parent\" data-id=\"ef0e74c\" data-element_type=\"container\" data-settings=\"{&quot;background_background&quot;:&quot;classic&quot;}\">\n\t\t\t\t<div class=\"elementor-element elementor-element-77a17c1 elementor-widget elementor-widget-heading\" data-id=\"77a17c1\" data-element_type=\"widget\" data-widget_type=\"heading.default\">\n\t\t\t\t\t<h2 class=\"elementor-heading-title elementor-size-default\">BOOK APPOINTMENT<\/h2>\t\t\t\t<\/div>\n\t\t<div class=\"elementor-element elementor-element-12c66b1 e-con-full e-flex e-con e-child\" data-id=\"12c66b1\" data-element_type=\"container\" data-settings=\"{&quot;background_background&quot;:&quot;classic&quot;}\">\n\t\t\t\t<div class=\"elementor-element elementor-element-d2a3cd6 elementor-widget elementor-widget-html\" data-id=\"d2a3cd6\" data-element_type=\"widget\" data-widget_type=\"html.default\">\n\t\t\t\t\t<iframe \n  src=\"https:\/\/n1396001.alteg.io\/company\/1321398\/personal\/menu?_gl=1*konli3*_gcl_au*MTkxMTQxNjIzNS4xNzU4OTkwMjE5LjM1Mjk3MzE1My4xNzYxNjY2NTIxLjE3NjE2NjY1MjE.&o=m2885350\" \n  width=\"100%\" \n  height=\"800\" \n  frameborder=\"0\" \n  allowfullscreen>\n<\/iframe>\n\t\t\t\t<\/div>\n\t\t\t\t<\/div>\n\t\t\t\t<\/div>\n\t\t\t\t<\/div>","protected":false},"excerpt":{"rendered":"<p>G\u00c1BOR Tizenh\u00e1rom \u00e9ve v\u00e1gok hajat \u2014 nem rutinb\u00f3l, hanem szenved\u00e9lyb\u0151l.\u00c9vekig dolgoztam Ausztri\u00e1ban, ahol megtanultam, hogy a precizit\u00e1s \u00e9s a vend\u00e9g\u00e9lm\u00e9ny [&hellip;]<\/p>","protected":false},"author":1,"featured_media":0,"parent":0,"menu_order":0,"comment_status":"closed","ping_status":"closed","template":"","meta":{"inline_featured_image":false,"site-sidebar-layout":"no-sidebar","site-content-layout":"","ast-site-content-layout":"full-width-container","site-content-style":"default","site-sidebar-style":"default","ast-global-header-display":"","ast-banner-title-visibility":"","ast-main-header-display":"","ast-hfb-above-header-display":"","ast-hfb-below-header-display":"","ast-hfb-mobile-header-display":"","site-post-title":"disabled","ast-breadcrumbs-content":"","ast-featured-img":"disabled","footer-sml-layout":"","theme-transparent-header-meta":"","adv-header-id-meta":"","stick-header-meta":"","header-above-stick-meta":"","header-main-stick-meta":"","header-below-stick-meta":"","astra-migrate-meta-layouts":"default","ast-page-background-enabled":"default","ast-page-background-meta":{"desktop":{"background-color":"var(--ast-global-color-5)","background-image":"","background-repeat":"repeat","background-position":"center center","background-size":"auto","background-attachment":"scroll","background-type":"","background-media":"","overlay-type":"","overlay-color":"","overlay-opacity":"","overlay-gradient":""},"tablet":{"background-color":"","background-image":"","background-repeat":"repeat","background-position":"center center","background-size":"auto","background-attachment":"scroll","background-type":"","background-media":"","overlay-type":"","overlay-color":"","overlay-opacity":"","overlay-gradient":""},"mobile":{"background-color":"","background-image":"","background-repeat":"repeat","background-position":"center center","background-size":"auto","background-attachment":"scroll","background-type":"","background-media":"","overlay-type":"","overlay-color":"","overlay-opacity":"","overlay-gradient":""}},"ast-content-background-meta":{"desktop":{"background-color":"var(--ast-global-color-4)","background-image":"","background-repeat":"repeat","background-position":"center center","background-size":"auto","background-attachment":"scroll","background-type":"","background-media":"","overlay-type":"","overlay-color":"","overlay-opacity":"","overlay-gradient":""},"tablet":{"background-color":"var(--ast-global-color-4)","background-image":"","background-repeat":"repeat","background-position":"center center","background-size":"auto","background-attachment":"scroll","background-type":"","background-media":"","overlay-type":"","overlay-color":"","overlay-opacity":"","overlay-gradient":""},"mobile":{"background-color":"var(--ast-global-color-4)","background-image":"","background-repeat":"repeat","background-position":"center center","background-size":"auto","background-attachment":"scroll","background-type":"","background-media":"","overlay-type":"","overlay-color":"","overlay-opacity":"","overlay-gradient":""}},"footnotes":""},"class_list":["post-1203","page","type-page","status-publish","hentry"],"_links":{"self":[{"href":"https:\/\/cutcontrol.hu\/en\/wp-json\/wp\/v2\/pages\/1203","targetHints":{"allow":["GET"]}}],"collection":[{"href":"https:\/\/cutcontrol.hu\/en\/wp-json\/wp\/v2\/pages"}],"about":[{"href":"https:\/\/cutcontrol.hu\/en\/wp-json\/wp\/v2\/types\/page"}],"author":[{"embeddable":true,"href":"https:\/\/cutcontrol.hu\/en\/wp-json\/wp\/v2\/users\/1"}],"replies":[{"embeddable":true,"href":"https:\/\/cutcontrol.hu\/en\/wp-json\/wp\/v2\/comments?post=1203"}],"version-history":[{"count":13,"href":"https:\/\/cutcontrol.hu\/en\/wp-json\/wp\/v2\/pages\/1203\/revisions"}],"predecessor-version":[{"id":1373,"href":"https:\/\/cutcontrol.hu\/en\/wp-json\/wp\/v2\/pages\/1203\/revisions\/1373"}],"wp:attachment":[{"href":"https:\/\/cutcontrol.hu\/en\/wp-json\/wp\/v2\/media?parent=1203"}],"curies":[{"name":"wp","href":"https:\/\/api.w.org\/{rel}","templated":true}]}}