{"id":614,"date":"2025-07-31T08:22:23","date_gmt":"2025-07-31T08:22:23","guid":{"rendered":"https:\/\/cutcontrol.hu\/?page_id=614"},"modified":"2026-01-20T15:53:34","modified_gmt":"2026-01-20T15:53:34","slug":"our-story","status":"publish","type":"page","link":"https:\/\/cutcontrol.hu\/en\/our-story\/","title":{"rendered":"Our Story"},"content":{"rendered":"<div data-elementor-type=\"wp-page\" data-elementor-id=\"614\" class=\"elementor elementor-614\" data-elementor-post-type=\"page\">\n\t\t\t\t<div class=\"elementor-element elementor-element-5c51b48 e-con-full elementor-hidden-tablet elementor-hidden-mobile e-flex e-con e-parent\" data-id=\"5c51b48\" data-element_type=\"container\" data-settings=\"{&quot;background_background&quot;:&quot;classic&quot;}\">\n\t\t<div class=\"elementor-element elementor-element-1555d54 e-con-full e-flex e-con e-child\" data-id=\"1555d54\" data-element_type=\"container\" data-settings=\"{&quot;background_background&quot;:&quot;classic&quot;}\">\n\t\t<div class=\"elementor-element elementor-element-a923729 e-con-full e-flex e-con e-child\" data-id=\"a923729\" data-element_type=\"container\">\n\t\t\t\t<div class=\"elementor-element elementor-element-7e6cf49 elementor-invisible elementor-widget elementor-widget-heading\" data-id=\"7e6cf49\" data-element_type=\"widget\" data-settings=\"{&quot;_animation&quot;:&quot;fadeInLeft&quot;}\" data-widget_type=\"heading.default\">\n\t\t\t\t\t<h2 class=\"elementor-heading-title elementor-size-default translation-block\">PRECISION<br> IN EVERY MOVE<\/h2>\t\t\t\t<\/div>\n\t\t\t\t<div class=\"elementor-element elementor-element-d5cc19e elementor-widget__width-initial elementor-invisible elementor-widget elementor-widget-text-editor\" data-id=\"d5cc19e\" data-element_type=\"widget\" data-settings=\"{&quot;_animation&quot;:&quot;fadeInUp&quot;}\" data-widget_type=\"text-editor.default\">\n\t\t\t\t\t\t\t\t\t<p>In our chair, you\u2019re more than a client \u2014 you\u2019re part of the crew. Every fade, every line, every detail is a statement of Precise Brutality. We blend sharp skill with a laid-back flow.<\/p>\t\t\t\t\t\t\t\t<\/div>\n\t\t\t\t<div class=\"elementor-element elementor-element-0d19538 elementor-widget__width-initial elementor-invisible elementor-widget elementor-widget-html\" data-id=\"0d19538\" data-element_type=\"widget\" data-settings=\"{&quot;_animation&quot;:&quot;zoomIn&quot;}\" data-widget_type=\"html.default\">\n\t\t\t\t\t<a href=\"#\" class=\"svg-button-book\">\n  BOOK APPOINTMENT\n<\/a>\n\n<style>\n  @font-face {\n    font-family: 'Vonca-Bold';\n    src: url('https:\/\/cutcontrol.hu\/wp-content\/uploads\/2025\/07\/Vonca-Bold.ttf') format('truetype');\n    font-weight: normal;\n    font-style: normal;\n  }\n\n  .svg-button-book {\n    display: inline-flex;\n    align-items: center;\n    justify-content: center;\n    background-image: url('https:\/\/cutcontrol.hu\/wp-content\/uploads\/2025\/07\/piros-mobil.svg');\n    background-size: cover;\n    background-repeat: no-repeat;\n    background-position: center;\n    font-family: 'Vonca-Bold', sans-serif;\n    color: #1E1E1E;\n    text-decoration: none;\n    font-size: 20px;\n    padding: 5px 40px;\n    aspect-ratio: 4 \/ 1;\n    max-width: 400px;\n    width: 100%;\n    transition: transform 0.3s ease;\n  }\n\n  .svg-button-book:hover {\n    transform: translateY(-5px);\n  }\n\n  @media (max-width: 480px) {\n    .svg-button-book {\n      font-size: 16px;\n      padding: 16px 30px;\n    }\n  }\n<\/style>\n\t\t\t\t<\/div>\n\t\t\t\t<\/div>\n\t\t<div class=\"elementor-element elementor-element-4989e07 e-con-full e-flex e-con e-child\" data-id=\"4989e07\" data-element_type=\"container\">\n\t\t\t\t<\/div>\n\t\t\t\t<\/div>\n\t\t\t\t<\/div>\n\t\t<div class=\"elementor-element elementor-element-a8a3a59 e-con-full elementor-hidden-desktop e-flex e-con e-parent\" data-id=\"a8a3a59\" data-element_type=\"container\" data-settings=\"{&quot;background_background&quot;:&quot;classic&quot;}\">\n\t\t<div class=\"elementor-element elementor-element-a9cd982 e-flex e-con-boxed e-con e-child\" data-id=\"a9cd982\" data-element_type=\"container\" data-settings=\"{&quot;background_background&quot;:&quot;classic&quot;}\">\n\t\t\t\t\t<div class=\"e-con-inner\">\n\t\t\t\t<div class=\"elementor-element elementor-element-de96245 elementor-widget elementor-widget-heading\" data-id=\"de96245\" data-element_type=\"widget\" data-widget_type=\"heading.default\">\n\t\t\t\t\t<h2 class=\"elementor-heading-title elementor-size-default translation-block\">PRECISION<br> IN EVERY MOVE<\/h2>\t\t\t\t<\/div>\n\t\t\t\t<div class=\"elementor-element elementor-element-5ae4de0 elementor-widget__width-initial elementor-widget elementor-widget-text-editor\" data-id=\"5ae4de0\" data-element_type=\"widget\" data-widget_type=\"text-editor.default\">\n\t\t\t\t\t\t\t\t\t<p>In our chair, you\u2019re more than a client \u2014 you\u2019re part of the crew. Every fade, every line, every detail is a statement of Precise Brutality. We blend sharp skill with a laid-back flow.<\/p>\t\t\t\t\t\t\t\t<\/div>\n\t\t\t\t<div class=\"elementor-element elementor-element-382c27f elementor-widget__width-initial elementor-widget elementor-widget-html\" data-id=\"382c27f\" data-element_type=\"widget\" data-widget_type=\"html.default\">\n\t\t\t\t\t<a href=\"#\" class=\"svg-button-book\">\n  BOOK APPOINTMENT\n<\/a>\n\n<style>\n  @font-face {\n    font-family: 'Vonca-Bold';\n    src: url('https:\/\/cutcontrol.hu\/wp-content\/uploads\/2025\/07\/Vonca-Bold.ttf') format('truetype');\n    font-weight: normal;\n    font-style: normal;\n  }\n\n  .svg-button-book {\n    display: inline-flex;\n    align-items: center;\n    justify-content: center;\n    background-image: url('https:\/\/cutcontrol.hu\/wp-content\/uploads\/2025\/07\/piros-mobil.svg');\n    background-size: cover;\n    background-repeat: no-repeat;\n    background-position: center;\n    font-family: 'Vonca-Bold', sans-serif;\n    color: #1E1E1E;\n    text-decoration: none;\n    font-size: 20px;\n    padding: 5px 40px;\n    aspect-ratio: 4 \/ 1;\n    max-width: 400px;\n    width: 100%;\n    transition: transform 0.3s ease;\n  }\n\n  .svg-button-book:hover {\n    transform: translateY(-5px);\n  }\n\n  @media (max-width: 480px) {\n    .svg-button-book {\n      font-size: 16px;\n      padding: 16px 30px;\n    }\n  }\n<\/style>\n\t\t\t\t<\/div>\n\t\t\t\t\t<\/div>\n\t\t\t\t<\/div>\n\t\t\t\t<\/div>\n\t\t<div class=\"elementor-element elementor-element-2f4f944 e-con-full e-flex e-con e-parent\" data-id=\"2f4f944\" data-element_type=\"container\" data-settings=\"{&quot;background_background&quot;:&quot;classic&quot;}\">\n\t\t\t\t<div class=\"elementor-element elementor-element-3984ea0 elementor-invisible elementor-widget elementor-widget-heading\" data-id=\"3984ea0\" data-element_type=\"widget\" data-settings=\"{&quot;_animation&quot;:&quot;fadeInDown&quot;}\" data-widget_type=\"heading.default\">\n\t\t\t\t\t<h2 class=\"elementor-heading-title elementor-size-default\">OUR <br> \u2028SIGNATURE<\/h2>\t\t\t\t<\/div>\n\t\t\t\t<div class=\"elementor-element elementor-element-d7edad8 elementor-widget__width-initial elementor-widget-mobile__width-inherit elementor-invisible elementor-widget elementor-widget-text-editor\" data-id=\"d7edad8\" data-element_type=\"widget\" data-settings=\"{&quot;_animation&quot;:&quot;fadeInUp&quot;}\" data-widget_type=\"text-editor.default\">\n\t\t\t\t\t\t\t\t\t<p data-start=\"933\" data-end=\"1319\">In our chair, you\u2019re more than a client \u2014 you\u2019re part of the crew. Every fade, every line, every detail is a statement of Precise Brutality. We blend sharp skill with a laid-back flow.<\/p><p data-start=\"933\" data-end=\"1319\">Precision in every Move, good beats in the background, and that unspoken confidence when you step out \u2014 that\u2019s the vibe. No small talk needed, just real talk and cuts that speak louder than words.<\/p>\t\t\t\t\t\t\t\t<\/div>\n\t\t<div class=\"elementor-element elementor-element-7411e3f e-con-full e-flex elementor-invisible e-con e-child\" data-id=\"7411e3f\" data-element_type=\"container\" data-settings=\"{&quot;animation&quot;:&quot;zoomIn&quot;}\">\n\t\t\t\t<div class=\"elementor-element elementor-element-38998fa elementor-widget elementor-widget-html\" data-id=\"38998fa\" data-element_type=\"widget\" data-widget_type=\"html.default\">\n\t\t\t\t\t<a href=\"#\" class=\"svg-button-book-black\">\n  SHOW THE PRICES\n<\/a>\n\n<style>\n  @font-face {\n    font-family: 'Vonca-Bold';\n    src: url('https:\/\/cutcontrol.hu\/wp-content\/uploads\/2025\/07\/Vonca-Bold.ttf') format('truetype');\n    font-weight: normal;\n    font-style: normal;\n  }\n\n  .svg-button-book-black {\n    display: inline-flex;\n    align-items: center;\n    justify-content: center;\n    background-image: url('https:\/\/cutcontrol.hu\/wp-content\/uploads\/2025\/07\/fekete-mobil-1.svg');\n    background-size: cover;\n    background-repeat: no-repeat;\n    background-position: center;\n    font-family: 'Vonca-Bold', sans-serif;\n    color: #ECECE5;\n    text-decoration: none;\n    font-size: 20px;\n    padding: 5px 40px;\n    aspect-ratio: 4 \/ 1;\n    max-width: 400px;\n    width: 100%;\n    transition: transform 0.3s ease;\n  }\n\n  .svg-button-book-black:hover {\n    transform: translateY(-5px);\n  }\n\n  @media (max-width: 480px) {\n    .svg-button-book {\n      font-size: 16px;\n      padding: 16px 30px;\n    }\n  }\n<\/style>\n\t\t\t\t<\/div>\n\t\t\t\t<div class=\"elementor-element elementor-element-3bfae2f elementor-widget elementor-widget-button\" data-id=\"3bfae2f\" data-element_type=\"widget\" data-widget_type=\"button.default\">\n\t\t\t\t\t\t\t\t\t\t<a class=\"elementor-button elementor-button-link elementor-size-sm elementor-animation-float\" href=\"https:\/\/cutcontrol.hu\/en\/book-appointment\/\">\n\t\t\t\t\t\t<span class=\"elementor-button-content-wrapper\">\n\t\t\t\t\t\t\t\t\t<span class=\"elementor-button-text\">BOOK APPOINTMENT<\/span>\n\t\t\t\t\t<\/span>\n\t\t\t\t\t<\/a>\n\t\t\t\t\t\t\t\t<\/div>\n\t\t\t\t<\/div>\n\t\t\t\t<\/div>\n\t\t<div class=\"elementor-element elementor-element-b7d61d0 e-con-full e-flex e-con e-parent\" data-id=\"b7d61d0\" data-element_type=\"container\" data-settings=\"{&quot;background_background&quot;:&quot;classic&quot;}\">\n\t\t\t\t<div class=\"elementor-element elementor-element-7f49914 elementor-invisible elementor-widget elementor-widget-heading\" data-id=\"7f49914\" data-element_type=\"widget\" data-settings=\"{&quot;_animation&quot;:&quot;fadeInDown&quot;}\" data-widget_type=\"heading.default\">\n\t\t\t\t\t<h2 class=\"elementor-heading-title elementor-size-default\">BOOK APPOINTMENT<\/h2>\t\t\t\t<\/div>\n\t\t<div class=\"elementor-element elementor-element-957d72b e-con-full e-flex e-con e-child\" data-id=\"957d72b\" data-element_type=\"container\">\n\t\t\t\t<div class=\"elementor-element elementor-element-fa41682 elementor-widget elementor-widget-html\" data-id=\"fa41682\" data-element_type=\"widget\" data-widget_type=\"html.default\">\n\t\t\t\t\t<iframe \n  src=\"https:\/\/n1386822.alteg.io\/company\/1321398\/personal\/menu?_gl=1*1nzh4bx*_gcl_au*MTkxMTQxNjIzNS4xNzU4OTkwMjE5LjgyNzc4ODEyNi4xNzU4OTkwMjI3LjE3NTg5OTExMzA.&o=\" \n  width=\"100%\" \n  height=\"600\" \n  frameborder=\"0\" \n  allowfullscreen>\n<\/iframe>\n\t\t\t\t<\/div>\n\t\t\t\t<\/div>\n\t\t\t\t<\/div>\n\t\t<div class=\"elementor-element elementor-element-df61c4b e-con-full e-flex e-con e-parent\" data-id=\"df61c4b\" data-element_type=\"container\" data-settings=\"{&quot;background_background&quot;:&quot;classic&quot;}\">\n\t\t<div class=\"elementor-element elementor-element-3e53962 e-con-full e-flex e-con e-child\" data-id=\"3e53962\" data-element_type=\"container\">\n\t\t\t\t<div class=\"elementor-element elementor-element-897be8d elementor-widget elementor-widget-spacer\" data-id=\"897be8d\" data-element_type=\"widget\" data-widget_type=\"spacer.default\">\n\t\t\t\t\t\t\t<div class=\"elementor-spacer\">\n\t\t\t<div class=\"elementor-spacer-inner\"><\/div>\n\t\t<\/div>\n\t\t\t\t\t\t<\/div>\n\t\t\t\t<\/div>\n\t\t<div class=\"elementor-element elementor-element-d5dad6c e-con-full e-flex elementor-invisible e-con e-child\" data-id=\"d5dad6c\" data-element_type=\"container\" data-settings=\"{&quot;background_background&quot;:&quot;classic&quot;,&quot;animation&quot;:&quot;fadeInRight&quot;}\">\n\t\t\t\t<div class=\"elementor-element elementor-element-b3312fd elementor-widget elementor-widget-heading\" data-id=\"b3312fd\" data-element_type=\"widget\" data-widget_type=\"heading.default\">\n\t\t\t\t\t<h2 class=\"elementor-heading-title elementor-size-default\">FACE THE<br>BRUTALITY<\/h2>\t\t\t\t<\/div>\n\t\t\t\t<div class=\"elementor-element elementor-element-d45bf36 elementor-widget elementor-widget-heading\" data-id=\"d45bf36\" data-element_type=\"widget\" data-widget_type=\"heading.default\">\n\t\t\t\t\t<h2 class=\"elementor-heading-title elementor-size-default\">+36 30 289 8305<\/h2>\t\t\t\t<\/div>\n\t\t\t\t<div class=\"elementor-element elementor-element-cc93d95 elementor-widget elementor-widget-text-editor\" data-id=\"cc93d95\" data-element_type=\"widget\" data-widget_type=\"text-editor.default\">\n\t\t\t\t\t\t\t\t\t<p>1061 Budapest Kir\u00e1ly utca 40. <br \/>Entrance from Vasv\u00e1ri P\u00e1l street<\/p>\t\t\t\t\t\t\t\t<\/div>\n\t\t\t\t<div class=\"elementor-element elementor-element-ae714b6 elementor-widget elementor-widget-text-editor\" data-id=\"ae714b6\" data-element_type=\"widget\" data-widget_type=\"text-editor.default\">\n\t\t\t\t\t\t\t\t\t<p>Monday - Saturday: 08:00 - 21:00<br \/>Sunday: 10:00 \u2013 18:00<\/p>\t\t\t\t\t\t\t\t<\/div>\n\t\t\t\t<\/div>\n\t\t\t\t<\/div>\n\t\t\t\t<\/div>","protected":false},"excerpt":{"rendered":"<p>PRECIZIT\u00c1S MINDEN MOZDULATBAN A mi sz\u00e9k\u00fcnkben nem csak \u00fcgyf\u00e9l vagy \u2014 a csapat r\u00e9sze vagy. Minden \u00e1tmenet, minden vonal, minden [&hellip;]<\/p>","protected":false},"author":1,"featured_media":0,"parent":0,"menu_order":0,"comment_status":"closed","ping_status":"closed","template":"","meta":{"inline_featured_image":false,"site-sidebar-layout":"no-sidebar","site-content-layout":"","ast-site-content-layout":"full-width-container","site-content-style":"default","site-sidebar-style":"default","ast-global-header-display":"","ast-banner-title-visibility":"","ast-main-header-display":"","ast-hfb-above-header-display":"","ast-hfb-below-header-display":"","ast-hfb-mobile-header-display":"","site-post-title":"disabled","ast-breadcrumbs-content":"","ast-featured-img":"disabled","footer-sml-layout":"","theme-transparent-header-meta":"","adv-header-id-meta":"","stick-header-meta":"","header-above-stick-meta":"","header-main-stick-meta":"","header-below-stick-meta":"","astra-migrate-meta-layouts":"default","ast-page-background-enabled":"default","ast-page-background-meta":{"desktop":{"background-color":"var(--ast-global-color-5)","background-image":"","background-repeat":"repeat","background-position":"center center","background-size":"auto","background-attachment":"scroll","background-type":"","background-media":"","overlay-type":"","overlay-color":"","overlay-opacity":"","overlay-gradient":""},"tablet":{"background-color":"","background-image":"","background-repeat":"repeat","background-position":"center center","background-size":"auto","background-attachment":"scroll","background-type":"","background-media":"","overlay-type":"","overlay-color":"","overlay-opacity":"","overlay-gradient":""},"mobile":{"background-color":"","background-image":"","background-repeat":"repeat","background-position":"center center","background-size":"auto","background-attachment":"scroll","background-type":"","background-media":"","overlay-type":"","overlay-color":"","overlay-opacity":"","overlay-gradient":""}},"ast-content-background-meta":{"desktop":{"background-color":"var(--ast-global-color-4)","background-image":"","background-repeat":"repeat","background-position":"center center","background-size":"auto","background-attachment":"scroll","background-type":"","background-media":"","overlay-type":"","overlay-color":"","overlay-opacity":"","overlay-gradient":""},"tablet":{"background-color":"var(--ast-global-color-4)","background-image":"","background-repeat":"repeat","background-position":"center center","background-size":"auto","background-attachment":"scroll","background-type":"","background-media":"","overlay-type":"","overlay-color":"","overlay-opacity":"","overlay-gradient":""},"mobile":{"background-color":"var(--ast-global-color-4)","background-image":"","background-repeat":"repeat","background-position":"center center","background-size":"auto","background-attachment":"scroll","background-type":"","background-media":"","overlay-type":"","overlay-color":"","overlay-opacity":"","overlay-gradient":""}},"footnotes":""},"class_list":["post-614","page","type-page","status-publish","hentry"],"_links":{"self":[{"href":"https:\/\/cutcontrol.hu\/en\/wp-json\/wp\/v2\/pages\/614","targetHints":{"allow":["GET"]}}],"collection":[{"href":"https:\/\/cutcontrol.hu\/en\/wp-json\/wp\/v2\/pages"}],"about":[{"href":"https:\/\/cutcontrol.hu\/en\/wp-json\/wp\/v2\/types\/page"}],"author":[{"embeddable":true,"href":"https:\/\/cutcontrol.hu\/en\/wp-json\/wp\/v2\/users\/1"}],"replies":[{"embeddable":true,"href":"https:\/\/cutcontrol.hu\/en\/wp-json\/wp\/v2\/comments?post=614"}],"version-history":[{"count":121,"href":"https:\/\/cutcontrol.hu\/en\/wp-json\/wp\/v2\/pages\/614\/revisions"}],"predecessor-version":[{"id":1448,"href":"https:\/\/cutcontrol.hu\/en\/wp-json\/wp\/v2\/pages\/614\/revisions\/1448"}],"wp:attachment":[{"href":"https:\/\/cutcontrol.hu\/en\/wp-json\/wp\/v2\/media?parent=614"}],"curies":[{"name":"wp","href":"https:\/\/api.w.org\/{rel}","templated":true}]}}